{"id":261,"date":"2024-11-19T21:12:30","date_gmt":"2024-11-19T20:12:30","guid":{"rendered":"https:\/\/fussball.sv-kauerhof.de\/?page_id=261"},"modified":"2024-11-19T21:12:30","modified_gmt":"2024-11-19T20:12:30","slug":"kontakt-zu-den-vereinsorganen","status":"publish","type":"page","link":"https:\/\/www.sv-kauerhof.de\/index.php\/kontakt-zu-den-vereinsorganen\/","title":{"rendered":"Kontakt zu den Vereinsorganen"},"content":{"rendered":"\n<p><strong>E-Mail-Adressen:<\/strong><\/p>\n\n\n\n<p><a href=\"mailto:vorstand@sv-kauerhof.de\">Vorstandschaft<\/a> f\u00fcr Verwaltung<\/p>\n\n\n\n<p><a href=\"mailto:kassierin@sv-kauerhof.de\">Kassierin f\u00fcr Finanzangelegenheiten<\/a><\/p>\n\n\n\n<p><a href=\"mailto:kassier@sv-kauerhof.de\">Kassier f\u00fcr Mitgliederverwaltung<\/a><\/p>\n\n\n\n<p><a href=\"mailto:schrfitfuehrer@sv-kauerhof.de\">Schriftf\u00fchrer f\u00fcr Schriftverkehr<\/a><\/p>\n\n\n\n<p><a href=\"mailwebmaster@sv-kauerhof.de\">Webmaster Administration<\/a><\/p>\n\n\n\n<h5 class=\"wp-block-heading\">Postanschrift<\/h5>\n\n\n\n<p><a href=\"https:\/\/www.sv-kauerhof.de\/page14.html\" class=\"\">SV Kauerhof e.V.<\/a><br><a href=\"https:\/\/www.sv-kauerhof.de\/page14.html\" class=\"\">Neukirchner Weg 1<\/a><br><a href=\"https:\/\/www.sv-kauerhof.de\/page14.html\" class=\"\">92237 Sulzbach-Rosenberg<\/a><br>Sportheim +49 (0)9661 52892<\/p>\n\n\n\n<p><\/p>\n\n\n\n<p><\/p>\n\n\n\n<p><\/p>\n\n\n\n<p><\/p>\n\n\n\n<p><\/p>\n<p>Views: 104<\/p>","protected":false},"excerpt":{"rendered":"<p>E-Mail-Adressen: Vorstandschaft f\u00fcr Verwaltung Kassierin f\u00fcr Finanzangelegenheiten Kassier f\u00fcr Mitgliederverwaltung &hellip; <\/p>\n","protected":false},"author":1,"featured_media":0,"parent":0,"menu_order":0,"comment_status":"closed","ping_status":"closed","template":"","meta":{"footnotes":""},"class_list":["post-261","page","type-page","status-publish","hentry"],"_links":{"self":[{"href":"https:\/\/www.sv-kauerhof.de\/index.php\/wp-json\/wp\/v2\/pages\/261","targetHints":{"allow":["GET"]}}],"collection":[{"href":"https:\/\/www.sv-kauerhof.de\/index.php\/wp-json\/wp\/v2\/pages"}],"about":[{"href":"https:\/\/www.sv-kauerhof.de\/index.php\/wp-json\/wp\/v2\/types\/page"}],"author":[{"embeddable":true,"href":"https:\/\/www.sv-kauerhof.de\/index.php\/wp-json\/wp\/v2\/users\/1"}],"replies":[{"embeddable":true,"href":"https:\/\/www.sv-kauerhof.de\/index.php\/wp-json\/wp\/v2\/comments?post=261"}],"version-history":[{"count":0,"href":"https:\/\/www.sv-kauerhof.de\/index.php\/wp-json\/wp\/v2\/pages\/261\/revisions"}],"wp:attachment":[{"href":"https:\/\/www.sv-kauerhof.de\/index.php\/wp-json\/wp\/v2\/media?parent=261"}],"curies":[{"name":"wp","href":"https:\/\/api.w.org\/{rel}","templated":true}]}}