{"id":228,"date":"2024-11-19T11:27:40","date_gmt":"2024-11-19T10:27:40","guid":{"rendered":"https:\/\/fussball.sv-kauerhof.de\/?page_id=228"},"modified":"2026-04-01T17:36:20","modified_gmt":"2026-04-01T15:36:20","slug":"junioren-a-b-c-d","status":"publish","type":"page","link":"https:\/\/www.sv-kauerhof.de\/index.php\/junioren-a-b-c-d\/","title":{"rendered":"Junioren  C &#8211; D  + M\u00e4dchen"},"content":{"rendered":"\n<figure class=\"wp-block-image size-large is-resized\"><a href=\"https:\/\/www.instagram.com\/svkauerhof.jugend\/\"><img loading=\"lazy\" decoding=\"async\" width=\"1024\" height=\"1024\" src=\"https:\/\/www.sv-kauerhof.de\/wp-content\/uploads\/2025\/08\/instagram-logo-1024x1024.png\" alt=\"Instagram\" class=\"wp-image-661\" style=\"width:86px;height:auto\" srcset=\"https:\/\/www.sv-kauerhof.de\/wp-content\/uploads\/2025\/08\/instagram-logo-1024x1024.png 1024w, https:\/\/www.sv-kauerhof.de\/wp-content\/uploads\/2025\/08\/instagram-logo-300x300.png 300w, https:\/\/www.sv-kauerhof.de\/wp-content\/uploads\/2025\/08\/instagram-logo-150x150.png 150w, https:\/\/www.sv-kauerhof.de\/wp-content\/uploads\/2025\/08\/instagram-logo-768x768.png 768w, https:\/\/www.sv-kauerhof.de\/wp-content\/uploads\/2025\/08\/instagram-logo-1536x1536.png 1536w, https:\/\/www.sv-kauerhof.de\/wp-content\/uploads\/2025\/08\/instagram-logo-2048x2048.png 2048w\" sizes=\"auto, (max-width: 1024px) 100vw, 1024px\" \/><\/a><\/figure>\n\n\n\n<div class=\"wp-block-columns is-layout-flex wp-container-core-columns-is-layout-9d6595d7 wp-block-columns-is-layout-flex\">\n<div class=\"wp-block-column is-layout-flow wp-block-column-is-layout-flow\">\n<figure class=\"wp-block-image size-large\"><img loading=\"lazy\" decoding=\"async\" width=\"819\" height=\"1024\" src=\"https:\/\/www.sv-kauerhof.de\/wp-content\/uploads\/2026\/04\/Schnuppern-2026-819x1024.jpeg\" alt=\"\" class=\"wp-image-1121\" srcset=\"https:\/\/www.sv-kauerhof.de\/wp-content\/uploads\/2026\/04\/Schnuppern-2026-819x1024.jpeg 819w, https:\/\/www.sv-kauerhof.de\/wp-content\/uploads\/2026\/04\/Schnuppern-2026-240x300.jpeg 240w, https:\/\/www.sv-kauerhof.de\/wp-content\/uploads\/2026\/04\/Schnuppern-2026-768x960.jpeg 768w, https:\/\/www.sv-kauerhof.de\/wp-content\/uploads\/2026\/04\/Schnuppern-2026.jpeg 1080w\" sizes=\"auto, (max-width: 819px) 100vw, 819px\" \/><\/figure>\n<\/div>\n\n\n\n<div class=\"wp-block-column is-layout-flow wp-block-column-is-layout-flow\">\n<figure class=\"wp-block-image size-large is-resized\"><img loading=\"lazy\" decoding=\"async\" width=\"754\" height=\"1024\" src=\"https:\/\/www.sv-kauerhof.de\/wp-content\/uploads\/2026\/04\/Trainingszeiten-2026-754x1024.jpeg\" alt=\"\" class=\"wp-image-1123\" style=\"aspect-ratio:0.7363349393586974;width:381px;height:auto\" srcset=\"https:\/\/www.sv-kauerhof.de\/wp-content\/uploads\/2026\/04\/Trainingszeiten-2026-754x1024.jpeg 754w, https:\/\/www.sv-kauerhof.de\/wp-content\/uploads\/2026\/04\/Trainingszeiten-2026-221x300.jpeg 221w, https:\/\/www.sv-kauerhof.de\/wp-content\/uploads\/2026\/04\/Trainingszeiten-2026-768x1044.jpeg 768w, https:\/\/www.sv-kauerhof.de\/wp-content\/uploads\/2026\/04\/Trainingszeiten-2026.jpeg 992w\" sizes=\"auto, (max-width: 754px) 100vw, 754px\" \/><\/figure>\n<\/div>\n<\/div>\n\n\n\n<div style=\"height:32px\" aria-hidden=\"true\" class=\"wp-block-spacer\"><\/div>\n\n\n\n<h2 class=\"wp-block-heading\">Die C- Jugend des SV Kauerhof e.V. m\u00f6chte sich recht herzlich bei den beiden Ballsponsoren f\u00fcr die Spielzeit 2025\/2026 bedanken!<\/h2>\n\n\n\n<p>vielen Dank an: Wolfgang \u00dcbler (B\u00e4ckerei \u00dcbler) und Nikolas Luber (Hotel Gasthof Zum Wulfen).<\/p>\n\n\n\n<figure class=\"wp-block-image size-large\"><img loading=\"lazy\" decoding=\"async\" width=\"1024\" height=\"768\" src=\"https:\/\/www.sv-kauerhof.de\/wp-content\/uploads\/2025\/12\/C-Jungend-2025-1024x768.jpeg\" alt=\"\" class=\"wp-image-1044\" srcset=\"https:\/\/www.sv-kauerhof.de\/wp-content\/uploads\/2025\/12\/C-Jungend-2025-1024x768.jpeg 1024w, https:\/\/www.sv-kauerhof.de\/wp-content\/uploads\/2025\/12\/C-Jungend-2025-300x225.jpeg 300w, https:\/\/www.sv-kauerhof.de\/wp-content\/uploads\/2025\/12\/C-Jungend-2025-768x576.jpeg 768w, https:\/\/www.sv-kauerhof.de\/wp-content\/uploads\/2025\/12\/C-Jungend-2025-1536x1152.jpeg 1536w, https:\/\/www.sv-kauerhof.de\/wp-content\/uploads\/2025\/12\/C-Jungend-2025-2048x1536.jpeg 2048w, https:\/\/www.sv-kauerhof.de\/wp-content\/uploads\/2025\/12\/C-Jungend-2025-640x480.jpeg 640w, https:\/\/www.sv-kauerhof.de\/wp-content\/uploads\/2025\/12\/C-Jungend-2025-110x83.jpeg 110w\" sizes=\"auto, (max-width: 1024px) 100vw, 1024px\" \/><\/figure>\n\n\n\n<div style=\"height:52px\" aria-hidden=\"true\" class=\"wp-block-spacer\"><\/div>\n\n\n\n<figure class=\"wp-block-image size-full is-resized\"><img loading=\"lazy\" decoding=\"async\" width=\"509\" height=\"760\" src=\"https:\/\/www.sv-kauerhof.de\/wp-content\/uploads\/2025\/09\/Girlspower.jpg\" alt=\"\" class=\"wp-image-857\" style=\"width:840px;height:auto\" srcset=\"https:\/\/www.sv-kauerhof.de\/wp-content\/uploads\/2025\/09\/Girlspower.jpg 509w, https:\/\/www.sv-kauerhof.de\/wp-content\/uploads\/2025\/09\/Girlspower-201x300.jpg 201w\" sizes=\"auto, (max-width: 509px) 100vw, 509px\" \/><\/figure>\n\n\n\n<p>&#8211;<\/p>\n\n\n\n<p><\/p>\n\n\n\n<figure class=\"wp-block-image size-large is-resized\"><img loading=\"lazy\" decoding=\"async\" width=\"746\" height=\"1024\" src=\"https:\/\/www.sv-kauerhof.de\/wp-content\/uploads\/2025\/09\/Trainingszeiten-Jugend-746x1024.jpg\" alt=\"\" class=\"wp-image-841\" style=\"width:840px;height:auto\" srcset=\"https:\/\/www.sv-kauerhof.de\/wp-content\/uploads\/2025\/09\/Trainingszeiten-Jugend-746x1024.jpg 746w, https:\/\/www.sv-kauerhof.de\/wp-content\/uploads\/2025\/09\/Trainingszeiten-Jugend-218x300.jpg 218w, https:\/\/www.sv-kauerhof.de\/wp-content\/uploads\/2025\/09\/Trainingszeiten-Jugend-768x1055.jpg 768w, https:\/\/www.sv-kauerhof.de\/wp-content\/uploads\/2025\/09\/Trainingszeiten-Jugend-1118x1536.jpg 1118w, https:\/\/www.sv-kauerhof.de\/wp-content\/uploads\/2025\/09\/Trainingszeiten-Jugend.jpg 1491w\" sizes=\"auto, (max-width: 746px) 100vw, 746px\" \/><\/figure>\n\n\n\n<p>&#8211;<\/p>\n\n\n\n<div class=\"wp-block-columns is-layout-flex wp-container-core-columns-is-layout-9d6595d7 wp-block-columns-is-layout-flex\">\n<div class=\"wp-block-column is-layout-flow wp-block-column-is-layout-flow\">\n<figure class=\"wp-block-image size-large\"><img loading=\"lazy\" decoding=\"async\" width=\"683\" height=\"1024\" src=\"https:\/\/www.sv-kauerhof.de\/wp-content\/uploads\/2025\/08\/Marco-Bohmann-683x1024.jpg\" alt=\"\" class=\"wp-image-701\" srcset=\"https:\/\/www.sv-kauerhof.de\/wp-content\/uploads\/2025\/08\/Marco-Bohmann-683x1024.jpg 683w, https:\/\/www.sv-kauerhof.de\/wp-content\/uploads\/2025\/08\/Marco-Bohmann-200x300.jpg 200w, https:\/\/www.sv-kauerhof.de\/wp-content\/uploads\/2025\/08\/Marco-Bohmann-768x1152.jpg 768w, https:\/\/www.sv-kauerhof.de\/wp-content\/uploads\/2025\/08\/Marco-Bohmann-1024x1536.jpg 1024w, https:\/\/www.sv-kauerhof.de\/wp-content\/uploads\/2025\/08\/Marco-Bohmann.jpg 1365w\" sizes=\"auto, (max-width: 683px) 100vw, 683px\" \/><figcaption class=\"wp-element-caption\"><strong>Marco Bohmann<br>Jugendleiter + M\u00e4dchen<br>0163 7829679<\/strong><\/figcaption><\/figure>\n<\/div>\n\n\n\n<div class=\"wp-block-column is-layout-flow wp-block-column-is-layout-flow\">\n<figure class=\"wp-block-image size-full is-resized\"><img loading=\"lazy\" decoding=\"async\" width=\"201\" height=\"272\" src=\"https:\/\/www.sv-kauerhof.de\/wp-content\/uploads\/2024\/10\/Madeleine-Bohmann.jpg\" alt=\"\" class=\"wp-image-177\" style=\"width:274px;height:auto\"\/><figcaption class=\"wp-element-caption\"><strong>Madeleine Bohmann<br>Jugendleiterin&nbsp;+ M\u00e4dchen<br>E, F, G-Jugend<br>0163 8703709&nbsp;<\/strong><\/figcaption><\/figure>\n<\/div>\n\n\n\n<div class=\"wp-block-column is-layout-flow wp-block-column-is-layout-flow\"><\/div>\n<\/div>\n\n\n\n<div class=\"wp-block-columns is-layout-flex wp-container-core-columns-is-layout-9d6595d7 wp-block-columns-is-layout-flex\">\n<div class=\"wp-block-column is-layout-flow wp-block-column-is-layout-flow\">\n<figure class=\"wp-block-image size-full\"><img loading=\"lazy\" decoding=\"async\" width=\"2048\" height=\"1891\" src=\"https:\/\/www.sv-kauerhof.de\/wp-content\/uploads\/2025\/08\/Patrick-Meyer-D-Jugend-Trainer.jpg\" alt=\"\" class=\"wp-image-772\" srcset=\"https:\/\/www.sv-kauerhof.de\/wp-content\/uploads\/2025\/08\/Patrick-Meyer-D-Jugend-Trainer.jpg 2048w, https:\/\/www.sv-kauerhof.de\/wp-content\/uploads\/2025\/08\/Patrick-Meyer-D-Jugend-Trainer-300x277.jpg 300w, https:\/\/www.sv-kauerhof.de\/wp-content\/uploads\/2025\/08\/Patrick-Meyer-D-Jugend-Trainer-1024x946.jpg 1024w, https:\/\/www.sv-kauerhof.de\/wp-content\/uploads\/2025\/08\/Patrick-Meyer-D-Jugend-Trainer-768x709.jpg 768w, https:\/\/www.sv-kauerhof.de\/wp-content\/uploads\/2025\/08\/Patrick-Meyer-D-Jugend-Trainer-1536x1418.jpg 1536w\" sizes=\"auto, (max-width: 2048px) 100vw, 2048px\" \/><figcaption class=\"wp-element-caption\"><strong>Patrick Meyer <\/strong><br><strong>D-Jugend Trainer <\/strong><br><strong>0176 45906160<\/strong><\/figcaption><\/figure>\n<\/div>\n\n\n\n<div class=\"wp-block-column is-layout-flow wp-block-column-is-layout-flow\">\n<figure class=\"wp-block-image size-full\"><img loading=\"lazy\" decoding=\"async\" width=\"1747\" height=\"2048\" src=\"https:\/\/www.sv-kauerhof.de\/wp-content\/uploads\/2025\/08\/Tim-Kunisch-D-Jugend-Trainer.jpg\" alt=\"\" class=\"wp-image-773\" srcset=\"https:\/\/www.sv-kauerhof.de\/wp-content\/uploads\/2025\/08\/Tim-Kunisch-D-Jugend-Trainer.jpg 1747w, https:\/\/www.sv-kauerhof.de\/wp-content\/uploads\/2025\/08\/Tim-Kunisch-D-Jugend-Trainer-256x300.jpg 256w, https:\/\/www.sv-kauerhof.de\/wp-content\/uploads\/2025\/08\/Tim-Kunisch-D-Jugend-Trainer-874x1024.jpg 874w, https:\/\/www.sv-kauerhof.de\/wp-content\/uploads\/2025\/08\/Tim-Kunisch-D-Jugend-Trainer-768x900.jpg 768w, https:\/\/www.sv-kauerhof.de\/wp-content\/uploads\/2025\/08\/Tim-Kunisch-D-Jugend-Trainer-1310x1536.jpg 1310w\" sizes=\"auto, (max-width: 1747px) 100vw, 1747px\" \/><figcaption class=\"wp-element-caption\"><strong>Tim Kunisch <\/strong><br><strong>D-Jugend Trainer<\/strong><br><strong>0159 06161859<\/strong><\/figcaption><\/figure>\n<\/div>\n\n\n\n<div class=\"wp-block-column is-layout-flow wp-block-column-is-layout-flow\">\n<figure class=\"wp-block-image size-full\"><img loading=\"lazy\" decoding=\"async\" width=\"239\" height=\"300\" src=\"https:\/\/www.sv-kauerhof.de\/wp-content\/uploads\/2025\/08\/platzhalter-m-239x300-1.jpg\" alt=\"\" class=\"wp-image-712\"\/><figcaption class=\"wp-element-caption\"><strong>Sebastian Dalles <\/strong><br><strong>D-Jugend Trainer<\/strong><br><strong>0151 46694555<\/strong><\/figcaption><\/figure>\n<\/div>\n<\/div>\n\n\n\n<div class=\"wp-block-columns is-layout-flex wp-container-core-columns-is-layout-9d6595d7 wp-block-columns-is-layout-flex\">\n<div class=\"wp-block-column is-layout-flow wp-block-column-is-layout-flow\">\n<figure class=\"wp-block-image size-large\"><img loading=\"lazy\" decoding=\"async\" width=\"683\" height=\"1024\" src=\"https:\/\/www.sv-kauerhof.de\/wp-content\/uploads\/2025\/08\/Arsem-Selendt-D-683x1024.jpg\" alt=\"\" class=\"wp-image-709\" srcset=\"https:\/\/www.sv-kauerhof.de\/wp-content\/uploads\/2025\/08\/Arsem-Selendt-D-683x1024.jpg 683w, https:\/\/www.sv-kauerhof.de\/wp-content\/uploads\/2025\/08\/Arsem-Selendt-D-200x300.jpg 200w, https:\/\/www.sv-kauerhof.de\/wp-content\/uploads\/2025\/08\/Arsem-Selendt-D-768x1152.jpg 768w, https:\/\/www.sv-kauerhof.de\/wp-content\/uploads\/2025\/08\/Arsem-Selendt-D-1024x1536.jpg 1024w, https:\/\/www.sv-kauerhof.de\/wp-content\/uploads\/2025\/08\/Arsem-Selendt-D.jpg 1120w\" sizes=\"auto, (max-width: 683px) 100vw, 683px\" \/><figcaption class=\"wp-element-caption\"><strong>Arsem Selendt<\/strong><br><strong>Trainer D-Jugend<br>+49 0170 8314406<\/strong><\/figcaption><\/figure>\n<\/div>\n\n\n\n<div class=\"wp-block-column is-layout-flow wp-block-column-is-layout-flow\">\n<figure class=\"wp-block-image size-large\"><img loading=\"lazy\" decoding=\"async\" width=\"683\" height=\"1024\" src=\"https:\/\/www.sv-kauerhof.de\/wp-content\/uploads\/2025\/08\/Marco-Bohmann-683x1024.jpg\" alt=\"\" class=\"wp-image-701\" srcset=\"https:\/\/www.sv-kauerhof.de\/wp-content\/uploads\/2025\/08\/Marco-Bohmann-683x1024.jpg 683w, https:\/\/www.sv-kauerhof.de\/wp-content\/uploads\/2025\/08\/Marco-Bohmann-200x300.jpg 200w, https:\/\/www.sv-kauerhof.de\/wp-content\/uploads\/2025\/08\/Marco-Bohmann-768x1152.jpg 768w, https:\/\/www.sv-kauerhof.de\/wp-content\/uploads\/2025\/08\/Marco-Bohmann-1024x1536.jpg 1024w, https:\/\/www.sv-kauerhof.de\/wp-content\/uploads\/2025\/08\/Marco-Bohmann.jpg 1365w\" sizes=\"auto, (max-width: 683px) 100vw, 683px\" \/><figcaption class=\"wp-element-caption\"><strong>Marco Bohmann<br>Trainer C-Jugend<\/strong><br><strong>0163 7829679<\/strong><\/figcaption><\/figure>\n<\/div>\n\n\n\n<div class=\"wp-block-column is-layout-flow wp-block-column-is-layout-flow\">\n<figure class=\"wp-block-image size-full is-resized\"><img loading=\"lazy\" decoding=\"async\" width=\"200\" height=\"260\" src=\"https:\/\/www.sv-kauerhof.de\/wp-content\/uploads\/2024\/06\/timo-bauer-200x260-1.jpg\" alt=\"\" class=\"wp-image-97\" style=\"width:274px;height:auto\"\/><figcaption class=\"wp-element-caption\"><strong>Timo Bauer <\/strong><br><strong>C-Jugend Trainer<\/strong><br><strong>0170 2253758<\/strong><\/figcaption><\/figure>\n<\/div>\n<\/div>\n\n\n\n<div class=\"wp-block-columns is-layout-flex wp-container-core-columns-is-layout-9d6595d7 wp-block-columns-is-layout-flex\">\n<div class=\"wp-block-column is-layout-flow wp-block-column-is-layout-flow\">\n<figure class=\"wp-block-image size-full\"><img loading=\"lazy\" decoding=\"async\" width=\"239\" height=\"300\" src=\"https:\/\/www.sv-kauerhof.de\/wp-content\/uploads\/2025\/08\/platzhalter-m-239x3003-1.jpg\" alt=\"\" class=\"wp-image-713\"\/><figcaption class=\"wp-element-caption\"><strong>Michael Wamser <\/strong><br><strong>C-Jugend Trainer<\/strong><br><strong>0151 17627253<\/strong><\/figcaption><\/figure>\n<\/div>\n\n\n\n<div class=\"wp-block-column is-layout-flow wp-block-column-is-layout-flow\">\n<figure class=\"wp-block-image size-full\"><img loading=\"lazy\" decoding=\"async\" width=\"554\" height=\"483\" src=\"https:\/\/www.sv-kauerhof.de\/wp-content\/uploads\/2025\/08\/Maik-Unger.jpg\" alt=\"\" class=\"wp-image-735\" srcset=\"https:\/\/www.sv-kauerhof.de\/wp-content\/uploads\/2025\/08\/Maik-Unger.jpg 554w, https:\/\/www.sv-kauerhof.de\/wp-content\/uploads\/2025\/08\/Maik-Unger-300x262.jpg 300w\" sizes=\"auto, (max-width: 554px) 100vw, 554px\" \/><figcaption class=\"wp-element-caption\"><strong>Maik Unger<\/strong><br><strong>M\u00e4dchen<\/strong> &#8211;<strong>Trainer<\/strong><br><strong>0152 56131647<\/strong><\/figcaption><\/figure>\n<\/div>\n\n\n\n<div class=\"wp-block-column is-layout-flow wp-block-column-is-layout-flow\"><\/div>\n<\/div>\n\n\n\n<p><\/p>\n<p>Views: 215<\/p>","protected":false},"excerpt":{"rendered":"<p>Die C- Jugend des SV Kauerhof e.V. m\u00f6chte sich recht &hellip; <\/p>\n","protected":false},"author":1,"featured_media":0,"parent":0,"menu_order":0,"comment_status":"closed","ping_status":"closed","template":"","meta":{"footnotes":""},"class_list":["post-228","page","type-page","status-publish","hentry"],"_links":{"self":[{"href":"https:\/\/www.sv-kauerhof.de\/index.php\/wp-json\/wp\/v2\/pages\/228","targetHints":{"allow":["GET"]}}],"collection":[{"href":"https:\/\/www.sv-kauerhof.de\/index.php\/wp-json\/wp\/v2\/pages"}],"about":[{"href":"https:\/\/www.sv-kauerhof.de\/index.php\/wp-json\/wp\/v2\/types\/page"}],"author":[{"embeddable":true,"href":"https:\/\/www.sv-kauerhof.de\/index.php\/wp-json\/wp\/v2\/users\/1"}],"replies":[{"embeddable":true,"href":"https:\/\/www.sv-kauerhof.de\/index.php\/wp-json\/wp\/v2\/comments?post=228"}],"version-history":[{"count":21,"href":"https:\/\/www.sv-kauerhof.de\/index.php\/wp-json\/wp\/v2\/pages\/228\/revisions"}],"predecessor-version":[{"id":1125,"href":"https:\/\/www.sv-kauerhof.de\/index.php\/wp-json\/wp\/v2\/pages\/228\/revisions\/1125"}],"wp:attachment":[{"href":"https:\/\/www.sv-kauerhof.de\/index.php\/wp-json\/wp\/v2\/media?parent=228"}],"curies":[{"name":"wp","href":"https:\/\/api.w.org\/{rel}","templated":true}]}}